{"id":31,"date":"2021-07-20T20:14:52","date_gmt":"2021-07-20T20:14:52","guid":{"rendered":"http:\/\/corporacionploc.org\/webploc\/?page_id=31"},"modified":"2021-08-08T18:54:39","modified_gmt":"2021-08-08T18:54:39","slug":"que-es-ploc","status":"publish","type":"page","link":"https:\/\/corporacionploc.org\/webploc\/nosotros\/que-es-ploc\/","title":{"rendered":"\u00bfQu\u00e9 es PLOC?"},"content":{"rendered":"\n<div class=\"wp-block-cover aligncenter has-background-dim-70 has-background-dim\"><img data-recalc-dims=\"1\" loading=\"lazy\" decoding=\"async\" width=\"2560\" height=\"1707\" data-attachment-id=\"92\" data-permalink=\"https:\/\/corporacionploc.org\/webploc\/img_3408\/\" data-orig-file=\"https:\/\/i0.wp.com\/corporacionploc.org\/webploc\/wp-content\/uploads\/slider2\/IMG_3408-scaled.jpeg?fit=2560%2C1707&amp;ssl=1\" data-orig-size=\"2560,1707\" data-comments-opened=\"1\" data-image-meta=\"{&quot;aperture&quot;:&quot;4.5&quot;,&quot;credit&quot;:&quot;&quot;,&quot;camera&quot;:&quot;Canon EOS REBEL T5&quot;,&quot;caption&quot;:&quot;&quot;,&quot;created_timestamp&quot;:&quot;1617336447&quot;,&quot;copyright&quot;:&quot;&quot;,&quot;focal_length&quot;:&quot;29&quot;,&quot;iso&quot;:&quot;800&quot;,&quot;shutter_speed&quot;:&quot;0.003125&quot;,&quot;title&quot;:&quot;&quot;,&quot;orientation&quot;:&quot;1&quot;}\" data-image-title=\"IMG_3408\" data-image-description=\"\" data-image-caption=\"\" data-medium-file=\"https:\/\/i0.wp.com\/corporacionploc.org\/webploc\/wp-content\/uploads\/slider2\/IMG_3408-scaled.jpeg?fit=300%2C200&amp;ssl=1\" data-large-file=\"https:\/\/i0.wp.com\/corporacionploc.org\/webploc\/wp-content\/uploads\/slider2\/IMG_3408-scaled.jpeg?fit=1024%2C683&amp;ssl=1\" class=\"wp-block-cover__image-background wp-image-92\" alt=\"\" src=\"https:\/\/i0.wp.com\/corporacionploc.org\/webploc\/wp-content\/uploads\/slider2\/IMG_3408-scaled.jpeg?resize=2560%2C1707\" style=\"object-position:49% 50%\" data-object-fit=\"cover\" data-object-position=\"49% 50%\" srcset=\"https:\/\/i0.wp.com\/corporacionploc.org\/webploc\/wp-content\/uploads\/slider2\/IMG_3408-scaled.jpeg?w=2560&amp;ssl=1 2560w, https:\/\/i0.wp.com\/corporacionploc.org\/webploc\/wp-content\/uploads\/slider2\/IMG_3408-scaled.jpeg?resize=300%2C200&amp;ssl=1 300w, https:\/\/i0.wp.com\/corporacionploc.org\/webploc\/wp-content\/uploads\/slider2\/IMG_3408-scaled.jpeg?resize=1024%2C683&amp;ssl=1 1024w, https:\/\/i0.wp.com\/corporacionploc.org\/webploc\/wp-content\/uploads\/slider2\/IMG_3408-scaled.jpeg?resize=768%2C512&amp;ssl=1 768w, https:\/\/i0.wp.com\/corporacionploc.org\/webploc\/wp-content\/uploads\/slider2\/IMG_3408-scaled.jpeg?resize=1536%2C1024&amp;ssl=1 1536w, https:\/\/i0.wp.com\/corporacionploc.org\/webploc\/wp-content\/uploads\/slider2\/IMG_3408-scaled.jpeg?resize=2048%2C1365&amp;ssl=1 2048w, https:\/\/i0.wp.com\/corporacionploc.org\/webploc\/wp-content\/uploads\/slider2\/IMG_3408-scaled.jpeg?resize=780%2C520&amp;ssl=1 780w\" sizes=\"auto, (max-width: 1000px) 100vw, 1000px\" \/><div class=\"wp-block-cover__inner-container is-layout-flow wp-block-cover-is-layout-flow\">\n<div class=\"wp-block-group is-layout-flow wp-block-group-is-layout-flow\">\n<p class=\"has-text-align-center\" style=\"font-size:30px\">La Corporaci\u00f3n Plan Octay nace como organizaci\u00f3n sin fines de lucro en el a\u00f1o 2018 con el objetivo de planificar, dise\u00f1ar y ejecutar iniciativas en pro del desarrollo sostenible de la comuna de Puerto Octay.<\/p>\n<\/div>\n<\/div><\/div>\n\n\n\n<p><\/p>\n\n\n\n<div class=\"wp-block-columns is-layout-flex wp-container-core-columns-is-layout-28f84493 wp-block-columns-is-layout-flex\">\n<div class=\"wp-block-column is-layout-flow wp-block-column-is-layout-flow\" style=\"flex-basis:25%\"><\/div>\n\n\n\n<div class=\"wp-block-column is-layout-flow wp-block-column-is-layout-flow\" style=\"flex-basis:80%\">\n<h3 class=\"has-text-align-center wp-block-heading\">\u00bfPor qu\u00e9 hablamos de desarrollo sostenible?<\/h3>\n\n\n\n<p class=\"has-black-color has-text-color\" style=\"font-size:18px\">Anticip\u00e1ndonos al crecimiento demogr\u00e1fico que desde hace d\u00e9cadas se viene dando desde el sur de la cuenca del Lago Llanquihue, nos propusimos actuar a tiempo y ser parte activa del desarrollo de la zona norte, preocup\u00e1ndonos porque ese crecimiento se produzca en armon\u00eda y coherencia con el entorno social y natural.&nbsp;<\/p>\n\n\n\n<p style=\"font-size:18px\">Adem\u00e1s, nuestra comuna tiene su l\u00edmite norte en la orilla de otro gran Lago: el Rupanco, riberas entre las cuales existen vastos territorios verdes. Esto aporta caracter\u00edsticas geogr\u00e1ficas que delinean una identidad lacustre y agr\u00edcola-ganadera \u00fanica, que sin dudas es parte fundamental del pasado, presente y futuro de Puerto Octay.&nbsp;<\/p>\n<\/div>\n\n\n\n<div class=\"wp-block-column is-layout-flow wp-block-column-is-layout-flow\" style=\"flex-basis:25%\"><\/div>\n<\/div>\n\n\n\n<p><\/p>\n","protected":false},"excerpt":{"rendered":"<p>\u00bfPor qu\u00e9 hablamos de desarrollo sostenible? Anticip\u00e1ndonos al crecimiento demogr\u00e1fico que desde hace d\u00e9cadas se viene dando desde el sur de la cuenca del Lago Llanquihue, nos propusimos actuar a tiempo y ser parte activa del desarrollo de la zona norte, preocup\u00e1ndonos porque ese crecimiento se produzca en armon\u00eda y coherencia con el entorno social [&hellip;]<\/p>\n","protected":false},"author":1,"featured_media":0,"parent":29,"menu_order":1,"comment_status":"closed","ping_status":"closed","template":"template-home.php","meta":{"site-sidebar-layout":"default","site-content-layout":"","ast-site-content-layout":"default","site-content-style":"default","site-sidebar-style":"default","ast-global-header-display":"","ast-banner-title-visibility":"","ast-main-header-display":"","ast-hfb-above-header-display":"","ast-hfb-below-header-display":"","ast-hfb-mobile-header-display":"","site-post-title":"","ast-breadcrumbs-content":"","ast-featured-img":"","footer-sml-layout":"","theme-transparent-header-meta":"","adv-header-id-meta":"","stick-header-meta":"","header-above-stick-meta":"","header-main-stick-meta":"","header-below-stick-meta":"","astra-migrate-meta-layouts":"default","ast-page-background-enabled":"default","ast-page-background-meta":{"desktop":{"background-color":"var(--ast-global-color-4)","background-image":"","background-repeat":"repeat","background-position":"center center","background-size":"auto","background-attachment":"scroll","background-type":"","background-media":"","overlay-type":"","overlay-color":"","overlay-opacity":"","overlay-gradient":""},"tablet":{"background-color":"","background-image":"","background-repeat":"repeat","background-position":"center center","background-size":"auto","background-attachment":"scroll","background-type":"","background-media":"","overlay-type":"","overlay-color":"","overlay-opacity":"","overlay-gradient":""},"mobile":{"background-color":"","background-image":"","background-repeat":"repeat","background-position":"center center","background-size":"auto","background-attachment":"scroll","background-type":"","background-media":"","overlay-type":"","overlay-color":"","overlay-opacity":"","overlay-gradient":""}},"ast-content-background-meta":{"desktop":{"background-color":"var(--ast-global-color-5)","background-image":"","background-repeat":"repeat","background-position":"center center","background-size":"auto","background-attachment":"scroll","background-type":"","background-media":"","overlay-type":"","overlay-color":"","overlay-opacity":"","overlay-gradient":""},"tablet":{"background-color":"var(--ast-global-color-5)","background-image":"","background-repeat":"repeat","background-position":"center center","background-size":"auto","background-attachment":"scroll","background-type":"","background-media":"","overlay-type":"","overlay-color":"","overlay-opacity":"","overlay-gradient":""},"mobile":{"background-color":"var(--ast-global-color-5)","background-image":"","background-repeat":"repeat","background-position":"center center","background-size":"auto","background-attachment":"scroll","background-type":"","background-media":"","overlay-type":"","overlay-color":"","overlay-opacity":"","overlay-gradient":""}},"footnotes":""},"class_list":["post-31","page","type-page","status-publish","hentry"],"rise-blocks_excerpt":"\u00bfPor qu\u00e9 hablamos de desarrollo sostenible? Anticip\u00e1ndonos al crecimiento demogr\u00e1fico que desde hace d\u00e9cadas se viene dando desde el sur de la cuenca del Lago Llanquihue, nos propusimos actuar a tiempo y ser parte activa del desarrollo de la zona norte, preocup\u00e1ndonos porque ese crecimiento se produzca en armon\u00eda y coherencia con el entorno social y natural.&nbsp; Adem\u00e1s, nuestra comuna..","jetpack_sharing_enabled":true,"_links":{"self":[{"href":"https:\/\/corporacionploc.org\/webploc\/wp-json\/wp\/v2\/pages\/31","targetHints":{"allow":["GET"]}}],"collection":[{"href":"https:\/\/corporacionploc.org\/webploc\/wp-json\/wp\/v2\/pages"}],"about":[{"href":"https:\/\/corporacionploc.org\/webploc\/wp-json\/wp\/v2\/types\/page"}],"author":[{"embeddable":true,"href":"https:\/\/corporacionploc.org\/webploc\/wp-json\/wp\/v2\/users\/1"}],"replies":[{"embeddable":true,"href":"https:\/\/corporacionploc.org\/webploc\/wp-json\/wp\/v2\/comments?post=31"}],"version-history":[{"count":5,"href":"https:\/\/corporacionploc.org\/webploc\/wp-json\/wp\/v2\/pages\/31\/revisions"}],"predecessor-version":[{"id":740,"href":"https:\/\/corporacionploc.org\/webploc\/wp-json\/wp\/v2\/pages\/31\/revisions\/740"}],"up":[{"embeddable":true,"href":"https:\/\/corporacionploc.org\/webploc\/wp-json\/wp\/v2\/pages\/29"}],"wp:attachment":[{"href":"https:\/\/corporacionploc.org\/webploc\/wp-json\/wp\/v2\/media?parent=31"}],"curies":[{"name":"wp","href":"https:\/\/api.w.org\/{rel}","templated":true}]}}