{"id":16,"date":"2021-07-20T20:06:15","date_gmt":"2021-07-20T20:06:15","guid":{"rendered":"http:\/\/corporacionploc.org\/webploc\/?page_id=16"},"modified":"2021-08-08T20:55:35","modified_gmt":"2021-08-08T20:55:35","slug":"territoriales","status":"publish","type":"page","link":"https:\/\/corporacionploc.org\/webploc\/redes\/territoriales\/","title":{"rendered":"Territoriales"},"content":{"rendered":"\n<div class=\"wp-block-cover has-background-dim\"><img data-recalc-dims=\"1\" loading=\"lazy\" decoding=\"async\" width=\"1200\" height=\"800\" data-attachment-id=\"211\" data-permalink=\"https:\/\/corporacionploc.org\/webploc\/redes\/territoriales\/whatsapp-image-2021-02-23-at-11-25-59\/\" data-orig-file=\"https:\/\/i0.wp.com\/corporacionploc.org\/webploc\/wp-content\/uploads\/2021\/07\/WhatsApp-Image-2021-02-23-at-11.25.59.jpeg?fit=1200%2C800&amp;ssl=1\" data-orig-size=\"1200,800\" data-comments-opened=\"1\" data-image-meta=\"{&quot;aperture&quot;:&quot;0&quot;,&quot;credit&quot;:&quot;&quot;,&quot;camera&quot;:&quot;&quot;,&quot;caption&quot;:&quot;&quot;,&quot;created_timestamp&quot;:&quot;0&quot;,&quot;copyright&quot;:&quot;&quot;,&quot;focal_length&quot;:&quot;0&quot;,&quot;iso&quot;:&quot;0&quot;,&quot;shutter_speed&quot;:&quot;0&quot;,&quot;title&quot;:&quot;&quot;,&quot;orientation&quot;:&quot;0&quot;}\" data-image-title=\"WhatsApp-Image-2021-02-23-at-11.25.59\" data-image-description=\"\" data-image-caption=\"\" data-medium-file=\"https:\/\/i0.wp.com\/corporacionploc.org\/webploc\/wp-content\/uploads\/2021\/07\/WhatsApp-Image-2021-02-23-at-11.25.59.jpeg?fit=300%2C200&amp;ssl=1\" data-large-file=\"https:\/\/i0.wp.com\/corporacionploc.org\/webploc\/wp-content\/uploads\/2021\/07\/WhatsApp-Image-2021-02-23-at-11.25.59.jpeg?fit=1024%2C683&amp;ssl=1\" class=\"wp-block-cover__image-background wp-image-211\" alt=\"\" src=\"https:\/\/i0.wp.com\/corporacionploc.org\/webploc\/wp-content\/uploads\/2021\/07\/WhatsApp-Image-2021-02-23-at-11.25.59.jpeg?resize=1200%2C800\" style=\"object-position:53% 68%\" data-object-fit=\"cover\" data-object-position=\"53% 68%\" srcset=\"https:\/\/i0.wp.com\/corporacionploc.org\/webploc\/wp-content\/uploads\/2021\/07\/WhatsApp-Image-2021-02-23-at-11.25.59.jpeg?w=1200&amp;ssl=1 1200w, https:\/\/i0.wp.com\/corporacionploc.org\/webploc\/wp-content\/uploads\/2021\/07\/WhatsApp-Image-2021-02-23-at-11.25.59.jpeg?resize=300%2C200&amp;ssl=1 300w, https:\/\/i0.wp.com\/corporacionploc.org\/webploc\/wp-content\/uploads\/2021\/07\/WhatsApp-Image-2021-02-23-at-11.25.59.jpeg?resize=1024%2C683&amp;ssl=1 1024w, https:\/\/i0.wp.com\/corporacionploc.org\/webploc\/wp-content\/uploads\/2021\/07\/WhatsApp-Image-2021-02-23-at-11.25.59.jpeg?resize=768%2C512&amp;ssl=1 768w, https:\/\/i0.wp.com\/corporacionploc.org\/webploc\/wp-content\/uploads\/2021\/07\/WhatsApp-Image-2021-02-23-at-11.25.59.jpeg?resize=780%2C520&amp;ssl=1 780w\" sizes=\"auto, (max-width: 1000px) 100vw, 1000px\" \/><div class=\"wp-block-cover__inner-container is-layout-flow wp-block-cover-is-layout-flow\">\n<p class=\"has-text-align-center\" style=\"font-size:32px\">Vivimos y trabajamos en un territorio \u00fanico que debemos cuidar, fortalecer y regenerar. Por ello, participamos activamente en redes de trabajo que tienen al Lago Llanquihue como escenario y centro de acci\u00f3n.\u00a0<\/p>\n<\/div><\/div>\n\n\n\n<div style=\"height:60px\" aria-hidden=\"true\" class=\"wp-block-spacer\"><\/div>\n\n\n\n\n\n\n<div style=\"height:100px\" aria-hidden=\"true\" class=\"wp-block-spacer\"><\/div>\n\n\n\n<p>Como organizaci\u00f3n octayina formamos parte del <strong>PTI Turismo Creativo<\/strong>, programa financiado por CORFO que apunta a acompa\u00f1ar el desarrollo de la cuenca del Lago Llanquihue como destino a nivel nacional. Apuntando al turismo creativo de experiencias, este programa puede significar una mejora sustancial en la calidad de vida de cientos de emprendedores a la vez que una importante instancia de creaci\u00f3n un relato territorial y redes de trabajo.&nbsp;<\/p>\n\n\n\n<p>Formamos parte de <strong>Cuenca Sostenible<\/strong>, una red de organizaciones y empresas B del Lago Llanquihue que busca articular y visibilizar actores y acciones que signifiquen un impacto positivo en nuestro entorno lacustre.&nbsp;<\/p>\n\n\n\n<p>Junto a otras 11 organizaciones de tres regiones del sur del pa\u00eds estamos participando en la gestaci\u00f3n de una red de organizaciones que habitan y trabajan en <strong>entornos lacustres<\/strong>. El foco est\u00e1 puesto en el impacto que el crecimiento demogr\u00e1fico en nuestras cuencas tiene desde hace d\u00e9cadas, con un fuerte incremento en los \u00faltimos a\u00f1os. En ese contexto, el cuidado del agua y el suelo y la regulaci\u00f3n de parcelaciones son fundamentales para asegurar un desarrollo sostenible, planificado y regenerativo. Eventos, manuales de buenas pr\u00e1cticas, difusi\u00f3n e incidencia en pol\u00edticas p\u00fablicas son s\u00f3lo algunas de las acciones que tenemos planificadas para nuestros primeros pasos como organizaci\u00f3n interregional.&nbsp;&nbsp;<\/p>\n","protected":false},"excerpt":{"rendered":"<p>Como organizaci\u00f3n octayina formamos parte del PTI Turismo Creativo, programa financiado por CORFO que apunta a acompa\u00f1ar el desarrollo de la cuenca del Lago Llanquihue como destino a nivel nacional. Apuntando al turismo creativo de experiencias, este programa puede significar una mejora sustancial en la calidad de vida de cientos de emprendedores a la vez [&hellip;]<\/p>\n","protected":false},"author":1,"featured_media":0,"parent":12,"menu_order":2,"comment_status":"closed","ping_status":"closed","template":"template-home.php","meta":{"site-sidebar-layout":"default","site-content-layout":"","ast-site-content-layout":"default","site-content-style":"default","site-sidebar-style":"default","ast-global-header-display":"","ast-banner-title-visibility":"","ast-main-header-display":"","ast-hfb-above-header-display":"","ast-hfb-below-header-display":"","ast-hfb-mobile-header-display":"","site-post-title":"","ast-breadcrumbs-content":"","ast-featured-img":"","footer-sml-layout":"","theme-transparent-header-meta":"","adv-header-id-meta":"","stick-header-meta":"","header-above-stick-meta":"","header-main-stick-meta":"","header-below-stick-meta":"","astra-migrate-meta-layouts":"default","ast-page-background-enabled":"default","ast-page-background-meta":{"desktop":{"background-color":"var(--ast-global-color-4)","background-image":"","background-repeat":"repeat","background-position":"center center","background-size":"auto","background-attachment":"scroll","background-type":"","background-media":"","overlay-type":"","overlay-color":"","overlay-opacity":"","overlay-gradient":""},"tablet":{"background-color":"","background-image":"","background-repeat":"repeat","background-position":"center center","background-size":"auto","background-attachment":"scroll","background-type":"","background-media":"","overlay-type":"","overlay-color":"","overlay-opacity":"","overlay-gradient":""},"mobile":{"background-color":"","background-image":"","background-repeat":"repeat","background-position":"center center","background-size":"auto","background-attachment":"scroll","background-type":"","background-media":"","overlay-type":"","overlay-color":"","overlay-opacity":"","overlay-gradient":""}},"ast-content-background-meta":{"desktop":{"background-color":"var(--ast-global-color-5)","background-image":"","background-repeat":"repeat","background-position":"center center","background-size":"auto","background-attachment":"scroll","background-type":"","background-media":"","overlay-type":"","overlay-color":"","overlay-opacity":"","overlay-gradient":""},"tablet":{"background-color":"var(--ast-global-color-5)","background-image":"","background-repeat":"repeat","background-position":"center center","background-size":"auto","background-attachment":"scroll","background-type":"","background-media":"","overlay-type":"","overlay-color":"","overlay-opacity":"","overlay-gradient":""},"mobile":{"background-color":"var(--ast-global-color-5)","background-image":"","background-repeat":"repeat","background-position":"center center","background-size":"auto","background-attachment":"scroll","background-type":"","background-media":"","overlay-type":"","overlay-color":"","overlay-opacity":"","overlay-gradient":""}},"footnotes":""},"class_list":["post-16","page","type-page","status-publish","hentry"],"rise-blocks_excerpt":"Como organizaci\u00f3n octayina formamos parte del PTI Turismo Creativo, programa financiado por CORFO que apunta a acompa\u00f1ar el desarrollo de la cuenca del Lago Llanquihue como destino a nivel nacional. Apuntando al turismo creativo de experiencias, este programa puede significar una mejora sustancial en la calidad de vida de cientos de emprendedores a la vez que una importante instancia de..","jetpack_sharing_enabled":true,"_links":{"self":[{"href":"https:\/\/corporacionploc.org\/webploc\/wp-json\/wp\/v2\/pages\/16","targetHints":{"allow":["GET"]}}],"collection":[{"href":"https:\/\/corporacionploc.org\/webploc\/wp-json\/wp\/v2\/pages"}],"about":[{"href":"https:\/\/corporacionploc.org\/webploc\/wp-json\/wp\/v2\/types\/page"}],"author":[{"embeddable":true,"href":"https:\/\/corporacionploc.org\/webploc\/wp-json\/wp\/v2\/users\/1"}],"replies":[{"embeddable":true,"href":"https:\/\/corporacionploc.org\/webploc\/wp-json\/wp\/v2\/comments?post=16"}],"version-history":[{"count":8,"href":"https:\/\/corporacionploc.org\/webploc\/wp-json\/wp\/v2\/pages\/16\/revisions"}],"predecessor-version":[{"id":356,"href":"https:\/\/corporacionploc.org\/webploc\/wp-json\/wp\/v2\/pages\/16\/revisions\/356"}],"up":[{"embeddable":true,"href":"https:\/\/corporacionploc.org\/webploc\/wp-json\/wp\/v2\/pages\/12"}],"wp:attachment":[{"href":"https:\/\/corporacionploc.org\/webploc\/wp-json\/wp\/v2\/media?parent=16"}],"curies":[{"name":"wp","href":"https:\/\/api.w.org\/{rel}","templated":true}]}}